{"id":279,"date":"2024-06-03T08:47:51","date_gmt":"2024-06-03T08:47:51","guid":{"rendered":"https:\/\/clinicafernandezvega.es\/servicios\/"},"modified":"2025-04-29T09:51:26","modified_gmt":"2025-04-29T09:51:26","slug":"servicios","status":"publish","type":"page","link":"https:\/\/clinicafernandezvega.es\/en\/servicios\/","title":{"rendered":"Servicios"},"content":{"rendered":"<section class=\"header_15_1\" id=\"\" style=\"background-image:url('https:\/\/clinicafernandezvega.es\/wp-content\/uploads\/2024\/12\/home500-5-2.jpg');\"\r\n    aria-label=\"\" data-block-id=\"69d4d7a9a4a9a69d4d7a9a4a9b\" data-block-name=\"acf\/header-15-1\" data-post-id=\"279\" data-stable-id=\"block_06a0c23e8c98bfbb91a49a5883eb8d6e\">\r\n    <div class=\"mask\"><\/div>\r\n    <div class=\"container\" data-aos=\"fade-up\">\r\n        <div class=\"row\">\r\n            <div class=\"col \">\r\n                                <h1 class=\"tamano2 color-2-headings-light\">Nuestros servicios <\/h1>\r\n                                            <\/div>\r\n        <\/div>\r\n    <\/div>\r\n<\/section>\r\n<style>\r\n    .header_15_1 .col {\r\n        max-width: 895px;\r\n    }\r\n\r\n    .header_15_1 .mask {\r\n        \/* background: rgba(255, 255, 255, 0.50); *\/\r\n        background: rgba(18, 18, 18, 0.50);\r\n        position: absolute;\r\n        top: 0;\r\n        left: 0;\r\n        width: 100%;\r\n        height: 100%;\r\n    }\r\n\r\n    .header_15_1 h1 {\r\n        padding-bottom: 25px;\r\n    }\r\n\r\n    .header_15_1 {\r\n        position: relative;\r\n        min-height: 500px;\r\n        background-position: center;\r\n        background-repeat: no-repeat;\r\n        background-size: cover;\r\n        padding: 150px 0;\r\n        display: flex;\r\n        align-items: center;\r\n        padding-top: 195px\r\n    }\r\n\r\n    .header_15_1-center {\r\n        text-align: center;\r\n        margin: 0 auto;\r\n    }\r\n\r\n    @media (max-width:992px) {\r\n        .header_15_1 {\r\n            padding: 100px 0;\r\n            min-height: auto;\r\n        }\r\n    }\r\n\r\n    @media (max-width:768px) {\r\n        .header_15_1 h1 {\r\n            line-height: var(--tamano3-line-height);\r\n        }\r\n    }\r\n<\/style>\r\n\n\n<section class=\"services_16_2_1 background-1-light\" id=\"\" data-block-id=\"69d4d7a9a6e4c69d4d7a9a6e4d\" data-block-name=\"acf\/services-16-2-1\" data-post-id=\"279\" data-stable-id=\"block_ec262b5c28c8b63eab9366f8fc07d564\">\r\n    <div class=\"container\">\r\n        <div class=\"row\">\r\n            <div class=\"col\">\r\n                            <\/div>\r\n        <\/div>\r\n        <div class=\"row row-servicios\">\r\n            <div class=\"col col-servicios\">\r\n                                                                                                                    <div class=\"servicio-item\" data-aos=\"fade-up\"\r\n                                style=\"background-image:url('https:\/\/clinicafernandezvega.es\/wp-content\/uploads\/2024\/12\/images-3.jpeg');\"\r\n                                aria-label=\"\">\r\n                                <div class=\"mask\"><\/div>\r\n                                <div class=\"meta\">\r\n                                                                        <h3 class=\"tamano4 color-2-body-light\">Quiropodia  <\/h3>\r\n                                                                                                                                                <a class=\"btn-round tamano-7-mediumcta color-boton-3-texto-normal color-boton-3-texto-hover color-boton-3-normal color-boton-3-hover\"\r\n                                        href=\"https:\/\/clinicafernandezvega.es\/servicios\/servicio-3\/\"\r\n                                        target=\"\">Quiropodia<\/a>\r\n                                                                    <\/div>\r\n                            <\/div>\r\n                                                                                <div class=\"servicio-item\" data-aos=\"fade-up\"\r\n                                style=\"background-image:url('https:\/\/clinicafernandezvega.es\/wp-content\/uploads\/2025\/01\/toralf-thomassen-5S40ixhBK-I-unsplash-scaled.jpg');\"\r\n                                aria-label=\"\">\r\n                                <div class=\"mask\"><\/div>\r\n                                <div class=\"meta\">\r\n                                                                        <h3 class=\"tamano4 color-2-body-light\">Biomec\u00e1nica <\/h3>\r\n                                                                                                                                                <a class=\"btn-round tamano-7-mediumcta color-boton-3-texto-normal color-boton-3-texto-hover color-boton-3-normal color-boton-3-hover\"\r\n                                        href=\"https:\/\/clinicafernandezvega.es\/servicios\/servicio-1\/\"\r\n                                        target=\"\">Biomec\u00e1nica<\/a>\r\n                                                                    <\/div>\r\n                            <\/div>\r\n                                                                                <div class=\"servicio-item\" data-aos=\"fade-up\"\r\n                                style=\"background-image:url('https:\/\/clinicafernandezvega.es\/wp-content\/uploads\/2024\/12\/images.jpeg');\"\r\n                                aria-label=\"\">\r\n                                <div class=\"mask\"><\/div>\r\n                                <div class=\"meta\">\r\n                                                                        <h3 class=\"tamano4 color-2-body-light\">Cirug\u00eda <\/h3>\r\n                                                                                                                                                <a class=\"btn-round tamano-7-mediumcta color-boton-3-texto-normal color-boton-3-texto-hover color-boton-3-normal color-boton-3-hover\"\r\n                                        href=\"https:\/\/clinicafernandezvega.es\/servicios\/servicio-2\/\"\r\n                                        target=\"\">Cirug\u00eda<\/a>\r\n                                                                    <\/div>\r\n                            <\/div>\r\n                                                                        <\/div>\r\n        <\/div>\r\n    <\/div>\r\n<\/section>\r\n<style>\r\n    .services_16_2_1 .btn-round {\r\n        border-radius: 60px;\r\n        padding: 12px 25px;\r\n        display: inline-block;\r\n        margin-top: 15px;\r\n        min-width: 175px;\r\n        text-align: center;\r\n\r\n        text-decoration: none;\r\n    }\r\n\r\n    .services_16_2_1 .servicio-item h3 {\r\n        padding-bottom: 15px;\r\n    }\r\n\r\n    .services_16_2_1 .col-servicios {\r\n        display: flex;\r\n        gap: 30px;\r\n        flex-wrap: wrap;\r\n        row-gap: 30px;\r\n    }\r\n\r\n    .services_16_2_1 .servicio-item .mask {\r\n        position: absolute;\r\n        background: rgba(18, 18, 18, 0.50);\r\n        top: 0;\r\n        left: 0;\r\n        width: 100%;\r\n        height: 100%;\r\n        border-radius: 3px;\r\n    }\r\n\r\n    .services_16_2_1 .servicio-item {\r\n        text-decoration: none;\r\n        position: relative;\r\n        width: calc(50% - 15px);\r\n        padding: 50px 35px;\r\n        height: 515px;\r\n        display: flex;\r\n        flex-direction: column;\r\n        justify-content: end;\r\n    }\r\n\r\n    .services_16_2_1 .servicio-item .meta {\r\n        position: relative;\r\n    }\r\n\r\n    .services_16_2_1 .servicio-item {\r\n        border-radius: 3px;\r\n        background-position: center;\r\n        background-repeat: no-repeat;\r\n        background-size: cover;\r\n    }\r\n\r\n    .services_16_2_1 h2 {\r\n        padding-bottom: 60px;\r\n        max-width: 585px;\r\n        margin: 0 auto;\r\n        text-align: center;\r\n    }\r\n\r\n    .services_16_2_1 .texto-top {\r\n        padding-bottom: 60px;\r\n        max-width: 585px;\r\n        margin: 0 auto;\r\n        text-align: center;\r\n    }\r\n\r\n    .services_16_2_1 {\r\n        padding: 80px 150px;\r\n    }\r\n\r\n    @media (max-width:1750px) {\r\n        .services_16_2_1 {\r\n            padding: 80px 50px;\r\n        }\r\n    }\r\n\r\n    @media (max-width:1550px) {\r\n        .services_16_2_1 {\r\n            padding: 80px 0;\r\n        }\r\n    }\r\n\r\n    @media (max-width:1200px) {\r\n        .services_16_2_1 .servicio-item {\r\n            width: calc(50% - 15px);\r\n        }\r\n\r\n        .services_16_2_1 .servicio-item {\r\n            height: 415px;\r\n        }\r\n    }\r\n\r\n    @media (max-width:992px) {\r\n        .services_16_2_1 .servicio-item {\r\n            height: 375px;\r\n        }\r\n\r\n        .services_16_2_1 .col-servicios {\r\n            row-gap: 30px;\r\n        }\r\n\r\n        .services_16_2_1 h2 {\r\n            padding-bottom: 35px;\r\n        }\r\n\r\n        .services_16_2_1 .texto-top {\r\n            padding-bottom: 35px;\r\n        }\r\n\r\n        .services_16_2_1 {\r\n            padding: 40px 0;\r\n        }\r\n    }\r\n\r\n    @media (max-width:768px) {\r\n\r\n        .services_16_2_1 .servicio-item {\r\n            width: 100%;\r\n            min-height: 375px;\r\n            height: auto;\r\n        }\r\n    }\r\n<\/style>\r\n","protected":false},"excerpt":{"rendered":"","protected":false},"author":1,"featured_media":0,"parent":0,"menu_order":0,"comment_status":"open","ping_status":"closed","template":"","meta":{"_acf_changed":false,"iawp_total_views":7,"footnotes":""},"class_list":["post-279","page","type-page","status-publish","hentry"],"acf":[],"yoast_head":"<!-- This site is optimized with the Yoast SEO plugin v27.3 - https:\/\/yoast.com\/product\/yoast-seo-wordpress\/ -->\n<title>Servicios - Cl\u00ednica Podol\u00f3gica Fern\u00e1ndez Vega<\/title>\n<meta name=\"robots\" content=\"index, follow, max-snippet:-1, max-image-preview:large, max-video-preview:-1\" \/>\n<link rel=\"canonical\" href=\"https:\/\/clinicafernandezvega.es\/en\/servicios\/\" \/>\n<meta property=\"og:locale\" content=\"en_US\" \/>\n<meta property=\"og:type\" content=\"article\" \/>\n<meta property=\"og:title\" content=\"Servicios - Cl\u00ednica Podol\u00f3gica Fern\u00e1ndez Vega\" \/>\n<meta property=\"og:url\" content=\"https:\/\/clinicafernandezvega.es\/en\/servicios\/\" \/>\n<meta property=\"og:site_name\" content=\"Cl\u00ednica Podol\u00f3gica Fern\u00e1ndez Vega\" \/>\n<meta property=\"article:modified_time\" content=\"2025-04-29T09:51:26+00:00\" \/>\n<meta name=\"twitter:card\" content=\"summary_large_image\" \/>\n<!-- \/ Yoast SEO plugin. -->","yoast_head_json":{"title":"Servicios - Cl\u00ednica Podol\u00f3gica Fern\u00e1ndez Vega","robots":{"index":"index","follow":"follow","max-snippet":"max-snippet:-1","max-image-preview":"max-image-preview:large","max-video-preview":"max-video-preview:-1"},"canonical":"https:\/\/clinicafernandezvega.es\/en\/servicios\/","og_locale":"en_US","og_type":"article","og_title":"Servicios - Cl\u00ednica Podol\u00f3gica Fern\u00e1ndez Vega","og_url":"https:\/\/clinicafernandezvega.es\/en\/servicios\/","og_site_name":"Cl\u00ednica Podol\u00f3gica Fern\u00e1ndez Vega","article_modified_time":"2025-04-29T09:51:26+00:00","twitter_card":"summary_large_image","schema":{"@context":"https:\/\/schema.org","@graph":[{"@type":"WebPage","@id":"https:\/\/clinicafernandezvega.es\/en\/servicios\/","url":"https:\/\/clinicafernandezvega.es\/en\/servicios\/","name":"Servicios - Cl\u00ednica Podol\u00f3gica Fern\u00e1ndez Vega","isPartOf":{"@id":"https:\/\/clinicafernandezvega.es\/en\/#website"},"datePublished":"2024-06-03T08:47:51+00:00","dateModified":"2025-04-29T09:51:26+00:00","breadcrumb":{"@id":"https:\/\/clinicafernandezvega.es\/en\/servicios\/#breadcrumb"},"inLanguage":"en-US","potentialAction":[{"@type":"ReadAction","target":["https:\/\/clinicafernandezvega.es\/en\/servicios\/"]}]},{"@type":"BreadcrumbList","@id":"https:\/\/clinicafernandezvega.es\/en\/servicios\/#breadcrumb","itemListElement":[{"@type":"ListItem","position":1,"name":"Portada","item":"https:\/\/clinicafernandezvega.es\/en\/"},{"@type":"ListItem","position":2,"name":"Servicios"}]},{"@type":"WebSite","@id":"https:\/\/clinicafernandezvega.es\/en\/#website","url":"https:\/\/clinicafernandezvega.es\/en\/","name":"Cl\u00ednica Podol\u00f3gica Fern\u00e1ndez Vega","description":"La salud de tus pies es nuestra prioridad","publisher":{"@id":"https:\/\/clinicafernandezvega.es\/en\/#organization"},"potentialAction":[{"@type":"SearchAction","target":{"@type":"EntryPoint","urlTemplate":"https:\/\/clinicafernandezvega.es\/en\/?s={search_term_string}"},"query-input":{"@type":"PropertyValueSpecification","valueRequired":true,"valueName":"search_term_string"}}],"inLanguage":"en-US"},{"@type":"Organization","@id":"https:\/\/clinicafernandezvega.es\/en\/#organization","name":"Cl\u00ednica Podol\u00f3gica Fern\u00e1ndez Vega","url":"https:\/\/clinicafernandezvega.es\/en\/","logo":{"@type":"ImageObject","inLanguage":"en-US","@id":"https:\/\/clinicafernandezvega.es\/en\/#\/schema\/logo\/image\/","url":"https:\/\/clinicafernandezvega.es\/wp-content\/uploads\/2024\/06\/665d7d8433b6e_FERNANDEZ-VEGA-Main-Logo.png","contentUrl":"https:\/\/clinicafernandezvega.es\/wp-content\/uploads\/2024\/06\/665d7d8433b6e_FERNANDEZ-VEGA-Main-Logo.png","width":1393,"height":558,"caption":"Cl\u00ednica  Podol\u00f3gica Fern\u00e1ndez Vega"},"image":{"@id":"https:\/\/clinicafernandezvega.es\/en\/#\/schema\/logo\/image\/"}}]}},"_links":{"self":[{"href":"https:\/\/clinicafernandezvega.es\/en\/wp-json\/wp\/v2\/pages\/279","targetHints":{"allow":["GET"]}}],"collection":[{"href":"https:\/\/clinicafernandezvega.es\/en\/wp-json\/wp\/v2\/pages"}],"about":[{"href":"https:\/\/clinicafernandezvega.es\/en\/wp-json\/wp\/v2\/types\/page"}],"author":[{"embeddable":true,"href":"https:\/\/clinicafernandezvega.es\/en\/wp-json\/wp\/v2\/users\/1"}],"replies":[{"embeddable":true,"href":"https:\/\/clinicafernandezvega.es\/en\/wp-json\/wp\/v2\/comments?post=279"}],"version-history":[{"count":8,"href":"https:\/\/clinicafernandezvega.es\/en\/wp-json\/wp\/v2\/pages\/279\/revisions"}],"predecessor-version":[{"id":1169,"href":"https:\/\/clinicafernandezvega.es\/en\/wp-json\/wp\/v2\/pages\/279\/revisions\/1169"}],"wp:attachment":[{"href":"https:\/\/clinicafernandezvega.es\/en\/wp-json\/wp\/v2\/media?parent=279"}],"curies":[{"name":"wp","href":"https:\/\/api.w.org\/{rel}","templated":true}]}}